{"id":119,"date":"2013-03-11T14:51:29","date_gmt":"2013-03-11T13:51:29","guid":{"rendered":"http:\/\/paradiesgestaltung.org\/institut\/?page_id=119"},"modified":"2014-11-23T18:37:35","modified_gmt":"2014-11-23T17:37:35","slug":"projekt-bewusstseinswelt-dunkelsteinerwald","status":"publish","type":"page","link":"https:\/\/paradiesgestaltung.org\/institut\/projekte\/projekt-bewusstseinswelt-dunkelsteinerwald\/","title":{"rendered":"Projekt: BewusstSEINswelt Dunkelsteinerwald"},"content":{"rendered":"<div id=\"dslc-theme-content\"><div id=\"dslc-theme-content-inner\"><p>Im Dunkelsteinerwald in Nieder\u00f6sterreich soll eine neue Einrichtung f\u00fcr ganzheitliche Pr\u00e4vention und Behandlung entstehen.<\/p>\n<p>Das Institut f\u00fcr Paradiesgestaltung beteiligt sich an diesem Projekt mit dem Ziel, dort nicht nur Ganzheitliche Medizin sondern einen komplett neuartigen Grundansatz zu verwirklichen: Statt einem Krankenhaus m\u00f6chten wir einen \"Garten der Genesung\" entstehen lassen.<\/p>\n<p>F\u00fcr dieses Projekt stellen wir den Projektbeteiligten ein <a href=\"https:\/\/paradiesgestaltung.org\/akademie\/course\/view.php?id=15\" target=\"_blank\">Informationsmanagementsystem zur dezentralen online-Zusammenarbeit<\/a> zur Verf\u00fcgung.<\/p>\n<p>Initiator und Koordinator der BewusstSEINswelt Dunkelsteinerwald ist <a href=\"mailto:guenter.hubmeier@aon.at\" target=\"_blank\">G\u00fcnter Hubmeier<\/a>.<\/p>\n<\/div><\/div>","protected":false},"excerpt":{"rendered":"<p>Im Dunkelsteinerwald in Nieder\u00f6sterreich soll eine neue Einrichtung f\u00fcr ganzheitliche Pr\u00e4vention und Behandlung entstehen. Das Institut f\u00fcr Paradiesgestaltung beteiligt sich an diesem Projekt mit dem Ziel, dort nicht nur Ganzheitliche Medizin sondern einen komplett neuartigen Grundansatz zu verwirklichen: Statt einem Krankenhaus m\u00f6chten wir einen \"Garten der Genesung\" entstehen lassen. F\u00fcr dieses Projekt stellen wir den Projektbeteiligten ein Informationsmanagementsystem zur dezentralen online-Zusammenarbeit zur Verf\u00fcgung. Initiator und Koordinator der BewusstSEINswelt Dunkelsteinerwald ist G\u00fcnter Hubmeier.<\/p>\n","protected":false},"author":1,"featured_media":0,"parent":24,"menu_order":0,"comment_status":"closed","ping_status":"closed","template":"","meta":{"footnotes":""},"class_list":["post-119","page","type-page","status-publish","hentry"],"_links":{"self":[{"href":"https:\/\/paradiesgestaltung.org\/institut\/wp-json\/wp\/v2\/pages\/119","targetHints":{"allow":["GET"]}}],"collection":[{"href":"https:\/\/paradiesgestaltung.org\/institut\/wp-json\/wp\/v2\/pages"}],"about":[{"href":"https:\/\/paradiesgestaltung.org\/institut\/wp-json\/wp\/v2\/types\/page"}],"author":[{"embeddable":true,"href":"https:\/\/paradiesgestaltung.org\/institut\/wp-json\/wp\/v2\/users\/1"}],"replies":[{"embeddable":true,"href":"https:\/\/paradiesgestaltung.org\/institut\/wp-json\/wp\/v2\/comments?post=119"}],"version-history":[{"count":8,"href":"https:\/\/paradiesgestaltung.org\/institut\/wp-json\/wp\/v2\/pages\/119\/revisions"}],"predecessor-version":[{"id":347,"href":"https:\/\/paradiesgestaltung.org\/institut\/wp-json\/wp\/v2\/pages\/119\/revisions\/347"}],"up":[{"embeddable":true,"href":"https:\/\/paradiesgestaltung.org\/institut\/wp-json\/wp\/v2\/pages\/24"}],"wp:attachment":[{"href":"https:\/\/paradiesgestaltung.org\/institut\/wp-json\/wp\/v2\/media?parent=119"}],"curies":[{"name":"wp","href":"https:\/\/api.w.org\/{rel}","templated":true}]}}