{"id":157,"date":"2013-07-22T23:03:49","date_gmt":"2013-07-22T21:03:49","guid":{"rendered":"http:\/\/paradiesgestaltung.org\/institut\/?page_id=157"},"modified":"2024-12-17T21:05:42","modified_gmt":"2024-12-17T20:05:42","slug":"zuwendungen","status":"publish","type":"page","link":"https:\/\/paradiesgestaltung.org\/institut\/impressum\/zuwendungen\/","title":{"rendered":"Zuwendungen und Crowdfunding"},"content":{"rendered":"<div id=\"dslc-theme-content\"><div id=\"dslc-theme-content-inner\"><p>Aktuell machen wir eine kombinierte Crowdfunding-\/Crowdlending-Kampagne, das hei\u00dft, <strong>wir bitten die Community\/Dich um finanzielle Unterst\u00fctzung in Form von nicht-r\u00fcckzahlbaren Zuwendungen oder privaten Darlehen<\/strong>.<\/p>\n<p>Als Darlehensgeber kannst Du dem Verein eine H\u00f6he und eine Laufzeit vorschlagen, unsere gegenw\u00e4rtige Idee sind Laufzeiten von ein bis f\u00fcnf Jahren. Du kannst w\u00e4hlen, ob Du das Darlehen zinslos oder mit Inflationsausgleich zum jeweiligen Verbraucherpreisindex geben m\u00f6chtest. Der Verbraucherpreisindex in \u00d6sterreich lag f\u00fcr das Jahr 2017 bei ~2,1%.<\/p>\n<p>\"<em>Als Sicherheit f\u00fcr Dein Darlehen dient unser unbelastetes Grundst\u00fcck im S\u00fcdburgenland und zus\u00e4tzlich b\u00fcrge ich Dir pers\u00f6nlich als Vereins-Obmann f\u00fcr die Darlehensr\u00fcckzahlung.<\/em>\" <a href=\"https:\/\/paradiesgestaltung.org\/institut\/team\/kurzvita-von-bernhard-harrer\/\">Bernhard Harrer<\/a><\/p>\n<p>Als \"Dankesch\u00f6n!\" laden wir jede\/n, der\/die uns 300 \u20ac oder mehr an Zuwendung oder 3000 \u20ac oder mehr an Darlehen gibt, f\u00fcr einen Tag wahlweise ans Institut f\u00fcr Paradiesgestaltung oder in den Garten der Genesung am Haarberghof ein! Lediglich die Kosten der Anreise bitten wir Dich selbst zu tragen. Bei Darlehen gilt dies f\u00fcr jedes Jahr der Darlehenslaufzeit.<\/p>\n<h4>So kannst Du uns Geld zukommen lassen:<\/h4>\n<p><strong>Per Bank\u00fcberweisung<\/strong> einer Zuwendung in freier H\u00f6he oder eines Privatdarlehens (zu mit uns vorher abgesprochenen Konditionen) an:<\/p>\n<p style=\"padding-left: 30px;\">Initiative Paradiesgestaltung<br \/>\nBE60 9670 1648 1070<br \/>\nTRWIBEB1XXX<\/p>\n<p style=\"text-align: left;\">(Ja, richtig, eine belgische lBAN! Wir nutzen den internationalen Finanzdienstleister <a href=\"https:\/\/wise.com\/\" target=\"_blank\" rel=\"noopener\">Wise<\/a>)<br \/>\nBank\u00fcberweisungen <em>sind uns am liebsten<\/em>, denn sie kosten uns keine Transaktionsgeb\u00fchren!<\/p>\n<p><!--\n<strong>oder \u00fcber unseren <a href=\"https:\/\/holvi.com\/shop\/Initiative-Paradiesgestaltung\/\" target=\"_blank\" rel=\"noopener noreferrer\">Holvi-Shop<\/a>\n(<em>Der schnellste Weg!<\/em> Damit ist das Geld augenblicklich auf unserem Bankkonto, aber Holvi beh\u00e4lt 3% Transaktionsgeb\u00fchr ein.)<\/strong><strong>\n<\/strong>&nbsp;\n--><\/p>\n<p><strong>oder per PayPal:<br \/>\n<\/strong>(PayPal beh\u00e4lt 3,4% plus 0,35 \u20ac Transaktionsgeb\u00fchr ein und es dauert mehrere Tage, bis das Geld auf unserem Bankkonto ist.)<\/p>\n<form action=\"https:\/\/www.paypal.com\/cgi-bin\/webscr\" method=\"post\" target=\"_top\"><input name=\"cmd\" type=\"hidden\" value=\"_s-xclick\" \/><br \/>\n<input name=\"hosted_button_id\" type=\"hidden\" value=\"EVGHUQ4S4TVFQ\" \/><strong>Hier kannst Du eine beliebige Zuwendungsh\u00f6he eingeben: <\/strong><br \/>\n<input alt=\"Jetzt einfach, schnell und sicher online bezahlen \u2013 mit PayPal.\" name=\"submit\" src=\"https:\/\/www.paypalobjects.com\/de_DE\/DE\/i\/btn\/btn_donate_LG.gif\" type=\"image\" \/><br \/>\n<img loading=\"lazy\" decoding=\"async\" style=\"display: none !important;\" hidden=\"\" src=\"https:\/\/www.paypalobjects.com\/de_DE\/i\/scr\/pixel.gif\" alt=\"\" width=\"1\" height=\"1\" border=\"0\" \/><\/form>\n<p>&nbsp;<\/p>\n<form action=\"https:\/\/www.paypal.com\/cgi-bin\/webscr\" method=\"post\" target=\"_top\"><input name=\"cmd\" type=\"hidden\" value=\"_s-xclick\" \/><strong>Hier kannst Du Zuwendungsh\u00f6he ausw\u00e4hlen und F\u00f6rderzweck festlegen:<\/strong><br \/>\n<input name=\"hosted_button_id\" type=\"hidden\" value=\"AFXKXSSL3AR5J\" \/><\/p>\n<table>\n<tbody>\n<tr>\n<td><input name=\"on0\" type=\"hidden\" value=\"Zuwendungsh\u00f6he\" \/>Zuwendungsh\u00f6he<\/td>\n<\/tr>\n<tr>\n<td><select name=\"os0\"><option value=\"Gib ein wenig\">Gib ein wenig \u20ac10,00 EUR<\/option><option value=\"Gib ein wenig mehr\">Gib ein wenig mehr \u20ac20,00 EUR<\/option><option value=\"Gib noch mehr\">Gib noch mehr \u20ac50,00 EUR<\/option><option value=\"Gib viel\">Gib viel \u20ac100,00 EUR<\/option><option value=\"Gib sehr viel\">Gib sehr viel \u20ac200,00 EUR<\/option><option value=\"Gib richtig viel\">Gib richtig viel \u20ac500,00 EUR<\/option><option value=\"Gib richtig richtig viel\">Gib richtig richtig viel \u20ac1.000,00 EUR<\/option><\/select><\/td>\n<\/tr>\n<tr>\n<td><input name=\"on1\" type=\"hidden\" value=\"F\u00f6rderzweck\" \/>F\u00f6rderzweck<\/td>\n<\/tr>\n<tr>\n<td><select name=\"os1\"><option value=\"egal\">egal<\/option><option value=\"Aktuelle Anschaffungen\">Aktuelle Anschaffungen<\/option><option value=\"Projektentwicklung\">Projektentwicklung<\/option><option value=\"Forschung\">Forschung<\/option><option value=\"Akademie\/Lehre\">Akademie\/Lehre<\/option><option value=\"Veranstaltungen\/Tagung\/Kongress\">Veranstaltungen\/Tagung\/Kongress<\/option><option value=\"Vergabe von F\u00f6rderpreisen\">Vergabe von F\u00f6rderpreisen<\/option><option value=\"Garten der Genesung\">Garten der Genesung<\/option><option value=\"Stipendien an Studierende\">Stipendien an Studierende<\/option><\/select><\/td>\n<\/tr>\n<tr>\n<td><input name=\"on2\" type=\"hidden\" value=\"Ideen zur Mittelverwendung\" \/>Ideen zur Mittelverwendung<\/td>\n<\/tr>\n<tr>\n<td><input maxlength=\"200\" name=\"os2\" type=\"text\" \/><\/td>\n<\/tr>\n<\/tbody>\n<\/table>\n<p><input name=\"currency_code\" type=\"hidden\" value=\"EUR\" \/><br \/>\n<input alt=\"Jetzt einfach, schnell und sicher online bezahlen \u2013 mit PayPal.\" name=\"submit\" src=\"https:\/\/www.paypalobjects.com\/de_DE\/DE\/i\/btn\/btn_paynow_LG.gif\" type=\"image\" \/><br \/>\n<img loading=\"lazy\" decoding=\"async\" style=\"display: none !important;\" hidden=\"\" src=\"https:\/\/www.paypalobjects.com\/de_DE\/i\/scr\/pixel.gif\" alt=\"\" width=\"1\" height=\"1\" border=\"0\" \/><\/p>\n<\/form>\n<\/div><\/div>","protected":false},"excerpt":{"rendered":"<p>Aktuell machen wir eine kombinierte Crowdfunding-\/Crowdlending-Kampagne, das hei\u00dft, wir bitten die Community\/Dich um finanzielle Unterst\u00fctzung in Form von nicht-r\u00fcckzahlbaren Zuwendungen oder privaten Darlehen. Als Darlehensgeber kannst Du dem Verein eine H\u00f6he und eine Laufzeit vorschlagen, unsere gegenw\u00e4rtige Idee sind Laufzeiten von ein bis f\u00fcnf Jahren. Du kannst w\u00e4hlen, ob Du das Darlehen zinslos oder mit Inflationsausgleich zum jeweiligen Verbraucherpreisindex geben m\u00f6chtest. Der Verbraucherpreisindex in \u00d6sterreich lag f\u00fcr das Jahr 2017 bei ~2,1%. \"Als Sicherheit f\u00fcr Dein Darlehen dient unser unbelastetes Grundst\u00fcck im S\u00fcdburgenland und zus\u00e4tzlich b\u00fcrge ich Dir pers\u00f6nlich als Vereins-Obmann f\u00fcr die Darlehensr\u00fcckzahlung.\" Bernhard Harrer Als \"Dankesch\u00f6n!\" laden wir jede\/n, der\/die uns 300 \u20ac oder mehr an Zuwendung oder 3000 \u20ac oder mehr an Darlehen gibt, f\u00fcr einen Tag wahlweise ans Institut f\u00fcr Paradiesgestaltung oder in den Garten der Genesung am Haarberghof ein! Lediglich die Kosten der Anreise bitten wir Dich selbst zu tragen. Bei Darlehen gilt dies f\u00fcr jedes Jahr der Darlehenslaufzeit. So kannst Du uns Geld zukommen lassen: Per Bank\u00fcberweisung einer Zuwendung in freier H\u00f6he oder eines Privatdarlehens (zu mit uns vorher abgesprochenen Konditionen) an: Initiative Paradiesgestaltung BE60 9670 1648 1070 TRWIBEB1XXX (Ja, richtig, eine belgische lBAN! Wir nutzen den internationalen Finanzdienstleister Wise) Bank\u00fcberweisungen sind uns am liebsten, denn sie kosten uns keine Transaktionsgeb\u00fchren! oder per PayPal: (PayPal beh\u00e4lt 3,4% plus 0,35 \u20ac Transaktionsgeb\u00fchr ein und es dauert mehrere Tage, bis das Geld auf unserem Bankkonto ist.) Hier kannst Du eine beliebige Zuwendungsh\u00f6he eingeben: &nbsp; Hier kannst Du Zuwendungsh\u00f6he ausw\u00e4hlen und F\u00f6rderzweck festlegen: Zuwendungsh\u00f6he Gib ein wenig <a class=\"read-more\" href=\"https:\/\/paradiesgestaltung.org\/institut\/impressum\/zuwendungen\/\">Continue Reading &#8594;<\/a><\/p>\n","protected":false},"author":1,"featured_media":0,"parent":29,"menu_order":8,"comment_status":"closed","ping_status":"closed","template":"","meta":{"footnotes":""},"class_list":["post-157","page","type-page","status-publish","hentry"],"_links":{"self":[{"href":"https:\/\/paradiesgestaltung.org\/institut\/wp-json\/wp\/v2\/pages\/157","targetHints":{"allow":["GET"]}}],"collection":[{"href":"https:\/\/paradiesgestaltung.org\/institut\/wp-json\/wp\/v2\/pages"}],"about":[{"href":"https:\/\/paradiesgestaltung.org\/institut\/wp-json\/wp\/v2\/types\/page"}],"author":[{"embeddable":true,"href":"https:\/\/paradiesgestaltung.org\/institut\/wp-json\/wp\/v2\/users\/1"}],"replies":[{"embeddable":true,"href":"https:\/\/paradiesgestaltung.org\/institut\/wp-json\/wp\/v2\/comments?post=157"}],"version-history":[{"count":79,"href":"https:\/\/paradiesgestaltung.org\/institut\/wp-json\/wp\/v2\/pages\/157\/revisions"}],"predecessor-version":[{"id":1281,"href":"https:\/\/paradiesgestaltung.org\/institut\/wp-json\/wp\/v2\/pages\/157\/revisions\/1281"}],"up":[{"embeddable":true,"href":"https:\/\/paradiesgestaltung.org\/institut\/wp-json\/wp\/v2\/pages\/29"}],"wp:attachment":[{"href":"https:\/\/paradiesgestaltung.org\/institut\/wp-json\/wp\/v2\/media?parent=157"}],"curies":[{"name":"wp","href":"https:\/\/api.w.org\/{rel}","templated":true}]}}