{"id":187,"date":"2013-10-09T02:39:47","date_gmt":"2013-10-09T00:39:47","guid":{"rendered":"http:\/\/paradiesgestaltung.org\/institut\/?page_id=187"},"modified":"2014-11-23T13:29:19","modified_gmt":"2014-11-23T12:29:19","slug":"paradies","status":"publish","type":"page","link":"https:\/\/paradiesgestaltung.org\/institut\/paradiesgestaltung\/paradies\/","title":{"rendered":"Paradies"},"content":{"rendered":"<div id=\"dslc-theme-content\"><div id=\"dslc-theme-content-inner\"><p><em>Paradies<\/em> ist ein Ort der Sch\u00f6nheit, der Freude, des Gl\u00fccks und des gelebten Selbstausdrucks. Hier bringst Du Deine Wahrheit und das Gute in Dir zum Vorschein. Und so wie Du w\u00e4chst wirst Du diesen Ort vervollkommnen. Du betrachtest ihn voll Freude und in Liebe. Und er liebt Dich.<\/p>\n<p>Dies gelingt Dir, weil Du dein Paradies auch im Inneren erschaffst.<\/p>\n<p>Dein Paradies ist Dein Selbstausdruck. Es ist ein von Innen nach Au\u00dfen, weil die Impulse im Inneren sind, aber im Au\u00dfen beweisen sie sich, zeigen sie sich, zeigen ihre Fr\u00fcchte. An den Fr\u00fcchten erkennst Du, wer Du bist.<\/p>\n<p>Paradies ist hier und jetzt m\u00f6glich. Jetzt und hier. Du holst den Himmel auf die Erde.<\/p>\n<\/div><\/div>","protected":false},"excerpt":{"rendered":"<p>Paradies ist ein Ort der Sch\u00f6nheit, der Freude, des Gl\u00fccks und des gelebten Selbstausdrucks. Hier bringst Du Deine Wahrheit und das Gute in Dir zum Vorschein. Und so wie Du w\u00e4chst wirst Du diesen Ort vervollkommnen. Du betrachtest ihn voll Freude und in Liebe. Und er liebt Dich. Dies gelingt Dir, weil Du dein Paradies auch im Inneren erschaffst. Dein Paradies ist Dein Selbstausdruck. Es ist ein von Innen nach Au\u00dfen, weil die Impulse im Inneren sind, aber im Au\u00dfen beweisen sie sich, zeigen sie sich, zeigen ihre Fr\u00fcchte. An den Fr\u00fcchten erkennst Du, wer Du bist. Paradies ist hier und jetzt m\u00f6glich. Jetzt und hier. Du holst den Himmel auf die Erde.<\/p>\n","protected":false},"author":1,"featured_media":0,"parent":72,"menu_order":0,"comment_status":"closed","ping_status":"closed","template":"","meta":{"footnotes":""},"class_list":["post-187","page","type-page","status-publish","hentry"],"_links":{"self":[{"href":"https:\/\/paradiesgestaltung.org\/institut\/wp-json\/wp\/v2\/pages\/187","targetHints":{"allow":["GET"]}}],"collection":[{"href":"https:\/\/paradiesgestaltung.org\/institut\/wp-json\/wp\/v2\/pages"}],"about":[{"href":"https:\/\/paradiesgestaltung.org\/institut\/wp-json\/wp\/v2\/types\/page"}],"author":[{"embeddable":true,"href":"https:\/\/paradiesgestaltung.org\/institut\/wp-json\/wp\/v2\/users\/1"}],"replies":[{"embeddable":true,"href":"https:\/\/paradiesgestaltung.org\/institut\/wp-json\/wp\/v2\/comments?post=187"}],"version-history":[{"count":5,"href":"https:\/\/paradiesgestaltung.org\/institut\/wp-json\/wp\/v2\/pages\/187\/revisions"}],"predecessor-version":[{"id":636,"href":"https:\/\/paradiesgestaltung.org\/institut\/wp-json\/wp\/v2\/pages\/187\/revisions\/636"}],"up":[{"embeddable":true,"href":"https:\/\/paradiesgestaltung.org\/institut\/wp-json\/wp\/v2\/pages\/72"}],"wp:attachment":[{"href":"https:\/\/paradiesgestaltung.org\/institut\/wp-json\/wp\/v2\/media?parent=187"}],"curies":[{"name":"wp","href":"https:\/\/api.w.org\/{rel}","templated":true}]}}