{"id":2,"date":"2012-03-13T06:52:02","date_gmt":"2012-03-13T05:52:02","guid":{"rendered":"http:\/\/paradiesgestaltung.org\/site1\/institut\/?page_id=2"},"modified":"2017-01-18T19:03:22","modified_gmt":"2017-01-18T18:03:22","slug":"das-institut","status":"publish","type":"page","link":"https:\/\/paradiesgestaltung.org\/institut\/das-institut\/","title":{"rendered":"Institut"},"content":{"rendered":"<div id=\"dslc-theme-content\"><div id=\"dslc-theme-content-inner\"><blockquote><p>Drei\u00dfig Jahre lang habe ich gegen Umweltzerst\u00f6rung, gegen L\u00e4rm und Autoabgase, gegen Gedankenlosigkeit in der Politik, gegen Missbrauch in der Medizin und gegen Oberfl\u00e4chlichkeit in der Wissenschaft gek\u00e4mpft.<\/p>\n<p>Schlie\u00dflich ist mir klar geworden, ich will mich nicht <em>gegen<\/em> sondern <em>f\u00fcr<\/em> etwas einsetzen:<\/p>\n<p>F\u00fcr die Verwandlung der Welt in ein <a title=\"Paradies\" href=\"https:\/\/paradiesgestaltung.org\/institut\/paradiesgestaltung\/paradies\/\">Paradies<\/a>!<\/p><\/blockquote>\n<p><a title=\"Kurzvita von Bernhard Harrer\" href=\"https:\/\/paradiesgestaltung.org\/institut\/das-institut\/team\/kurzvita-von-bernhard-harrer\/\"><em>Bernhard Harrer<\/em><\/a><\/p>\n<p>(<a title=\"Team\" href=\"https:\/\/paradiesgestaltung.org\/institut\/das-institut\/team\/\">Gr\u00fcnder<\/a>)<\/p>\n<div class=\"video-container\"><iframe loading=\"lazy\" title=\"FFCH \/\/ CHANGE TALK - BERNHARD HARRER\" width=\"648\" height=\"365\" src=\"https:\/\/www.youtube.com\/embed\/Jap5RhlgMW0?feature=oembed\" frameborder=\"0\" allow=\"accelerometer; autoplay; clipboard-write; encrypted-media; gyroscope; picture-in-picture; web-share\" referrerpolicy=\"strict-origin-when-cross-origin\" allowfullscreen><\/iframe><\/div>\n<\/div><\/div>","protected":false},"excerpt":{"rendered":"<p>Drei\u00dfig Jahre lang habe ich gegen Umweltzerst\u00f6rung, gegen L\u00e4rm und Autoabgase, gegen Gedankenlosigkeit in der Politik, gegen Missbrauch in der Medizin und gegen Oberfl\u00e4chlichkeit in der Wissenschaft gek\u00e4mpft. Schlie\u00dflich ist mir klar geworden, ich will mich nicht gegen sondern f\u00fcr etwas einsetzen: F\u00fcr die Verwandlung der Welt in ein Paradies! Bernhard Harrer (Gr\u00fcnder)<\/p>\n","protected":false},"author":1,"featured_media":0,"parent":0,"menu_order":1,"comment_status":"closed","ping_status":"closed","template":"","meta":{"footnotes":""},"class_list":["post-2","page","type-page","status-publish","hentry"],"_links":{"self":[{"href":"https:\/\/paradiesgestaltung.org\/institut\/wp-json\/wp\/v2\/pages\/2","targetHints":{"allow":["GET"]}}],"collection":[{"href":"https:\/\/paradiesgestaltung.org\/institut\/wp-json\/wp\/v2\/pages"}],"about":[{"href":"https:\/\/paradiesgestaltung.org\/institut\/wp-json\/wp\/v2\/types\/page"}],"author":[{"embeddable":true,"href":"https:\/\/paradiesgestaltung.org\/institut\/wp-json\/wp\/v2\/users\/1"}],"replies":[{"embeddable":true,"href":"https:\/\/paradiesgestaltung.org\/institut\/wp-json\/wp\/v2\/comments?post=2"}],"version-history":[{"count":19,"href":"https:\/\/paradiesgestaltung.org\/institut\/wp-json\/wp\/v2\/pages\/2\/revisions"}],"predecessor-version":[{"id":767,"href":"https:\/\/paradiesgestaltung.org\/institut\/wp-json\/wp\/v2\/pages\/2\/revisions\/767"}],"wp:attachment":[{"href":"https:\/\/paradiesgestaltung.org\/institut\/wp-json\/wp\/v2\/media?parent=2"}],"curies":[{"name":"wp","href":"https:\/\/api.w.org\/{rel}","templated":true}]}}