{"id":24,"date":"2012-10-14T09:16:44","date_gmt":"2012-10-14T07:16:44","guid":{"rendered":"http:\/\/paradiesgestaltung.org\/institut\/?page_id=24"},"modified":"2018-12-19T11:42:57","modified_gmt":"2018-12-19T10:42:57","slug":"projekte","status":"publish","type":"page","link":"https:\/\/paradiesgestaltung.org\/institut\/projekte\/","title":{"rendered":"Projekte"},"content":{"rendered":"<div id=\"dslc-theme-content\"><div id=\"dslc-theme-content-inner\"><p>Das Institut f\u00fcr Paradiesgestaltung konzipiert, entwickelt und verwirklicht Projekte aus eigener Inspiration heraus oder im Auftrag von Betroffenen oder Kunden.<\/p>\n<p>Du suchst eine interessante Herausforderung oder stehst vor einer solchen?<\/p>\n<p>Du willst Deinen Lebensbereich in ein <a title=\"Paradies\" href=\"https:\/\/paradiesgestaltung.org\/institut\/paradiesgestaltung\/paradies\/\">Paradies<\/a> verwandeln? Deine Umgebung, Dein Unternehmen, Deine Stadt, Dein Land, Deine Welt soll zum Paradies werden?<\/p>\n<p>Wir unterst\u00fctzen Dich mit Beratung, <a title=\"Ausbildung\" href=\"https:\/\/paradiesgestaltung.org\/institut\/ausbildung\/\">Ausbildung<\/a>, Konzepten und <a title=\"Werkzeuge\" href=\"https:\/\/paradiesgestaltung.org\/institut\/werkzeuge\/\">Werkzeugen<\/a> und bieten die M\u00f6glichkeit zur Mitwirkung an spannenden Projekten!<\/p>\n<p>Die kniffligen Herausforderungen sind uns am liebsten!<\/p>\n<p>Beispiele:<\/p>\n<ul>\n<li><a href=\"https:\/\/paradiesgestaltung.org\/institut\/projekte\/projekt-dorfladencaf-als-emobilitaetszentrale\/\">DorfLadenCaf\u00e9 als eMobilit\u00e4tszentrale<\/a><\/li>\n<li><a href=\"https:\/\/paradiesgestaltung.org\/institut\/projekte\/projekt-garten-der-genesung\/\">G\u00e4rten der Genesung<\/a><\/li>\n<li><a title=\"Projekt: BewusstSEINswelt Dunkelsteinerwald\" href=\"https:\/\/paradiesgestaltung.org\/institut\/projekte\/projekt-bewusstseinswelt-dunkelsteinerwald\/\">BewusstSEINswelt Dunkelsteinerwald<\/a><\/li>\n<li><a title=\"Projekt: Paradies Zuhause: \u00e2\u20ac\u0153Artgerechtes Wohnen\u00e2\u20ac\u009d im Glashaus\" href=\"https:\/\/paradiesgestaltung.org\/institut\/projekte\/artgerechtes-wohnen-im-glashaus\/\">Artgerechtes Wohnen im Glashaus<\/a><\/li>\n<li>M\u00fcheloser Gartenbau<\/li>\n<\/ul>\n<p>Weitere spannende Projekte finden sich auf unserer <a title=\"Akademie f\u00c3\u00bcr Paradiesgestaltung\" href=\"https:\/\/paradiesgestaltung.org\/akademie\/\" target=\"_blank\" rel=\"noopener\">Lern- und Projektmanagement-Plattform<\/a>.<\/p>\n<\/div><\/div>","protected":false},"excerpt":{"rendered":"<p>Das Institut f\u00fcr Paradiesgestaltung konzipiert, entwickelt und verwirklicht Projekte aus eigener Inspiration heraus oder im Auftrag von Betroffenen oder Kunden. Du suchst eine interessante Herausforderung oder stehst vor einer solchen? Du willst Deinen Lebensbereich in ein Paradies verwandeln? Deine Umgebung, Dein Unternehmen, Deine Stadt, Dein Land, Deine Welt soll zum Paradies werden? Wir unterst\u00fctzen Dich mit Beratung, Ausbildung, Konzepten und Werkzeugen und bieten die M\u00f6glichkeit zur Mitwirkung an spannenden Projekten! Die kniffligen Herausforderungen sind uns am liebsten! Beispiele: DorfLadenCaf\u00e9 als eMobilit\u00e4tszentrale G\u00e4rten der Genesung BewusstSEINswelt Dunkelsteinerwald Artgerechtes Wohnen im Glashaus M\u00fcheloser Gartenbau Weitere spannende Projekte finden sich auf unserer Lern- und Projektmanagement-Plattform.<\/p>\n","protected":false},"author":1,"featured_media":0,"parent":0,"menu_order":7,"comment_status":"closed","ping_status":"closed","template":"","meta":{"footnotes":""},"class_list":["post-24","page","type-page","status-publish","hentry"],"_links":{"self":[{"href":"https:\/\/paradiesgestaltung.org\/institut\/wp-json\/wp\/v2\/pages\/24","targetHints":{"allow":["GET"]}}],"collection":[{"href":"https:\/\/paradiesgestaltung.org\/institut\/wp-json\/wp\/v2\/pages"}],"about":[{"href":"https:\/\/paradiesgestaltung.org\/institut\/wp-json\/wp\/v2\/types\/page"}],"author":[{"embeddable":true,"href":"https:\/\/paradiesgestaltung.org\/institut\/wp-json\/wp\/v2\/users\/1"}],"replies":[{"embeddable":true,"href":"https:\/\/paradiesgestaltung.org\/institut\/wp-json\/wp\/v2\/comments?post=24"}],"version-history":[{"count":27,"href":"https:\/\/paradiesgestaltung.org\/institut\/wp-json\/wp\/v2\/pages\/24\/revisions"}],"predecessor-version":[{"id":1102,"href":"https:\/\/paradiesgestaltung.org\/institut\/wp-json\/wp\/v2\/pages\/24\/revisions\/1102"}],"wp:attachment":[{"href":"https:\/\/paradiesgestaltung.org\/institut\/wp-json\/wp\/v2\/media?parent=24"}],"curies":[{"name":"wp","href":"https:\/\/api.w.org\/{rel}","templated":true}]}}