{"id":29,"date":"2012-03-14T09:27:04","date_gmt":"2012-03-14T08:27:04","guid":{"rendered":"http:\/\/paradiesgestaltung.org\/institut\/?page_id=29"},"modified":"2025-11-03T14:21:07","modified_gmt":"2025-11-03T13:21:07","slug":"impressum","status":"publish","type":"page","link":"https:\/\/paradiesgestaltung.org\/institut\/impressum\/","title":{"rendered":"Impressum"},"content":{"rendered":"<div id=\"dslc-theme-content\"><div id=\"dslc-theme-content-inner\"><h2>Medieninhaber<\/h2>\n<h3>Initiative Paradiesgestaltung - Verein zur Vervollkommnung des Lebensraumes<\/h3>\n<p>kurz: <strong>Initiative Paradiesgestaltung<\/strong><\/p>\n<h4>Abteilungen: Institut f\u00fcr Paradiesgestaltung, Akademie f\u00fcr Paradiesgestaltung<\/h4>\n<p>Obmann: <a title=\"Kurzvita von Bernhard Harrer\" href=\"https:\/\/paradiesgestaltung.org\/institut\/impressum\/kurzvita-von-bernhard-harrer\/\">Bernhard Harrer<\/a><\/p>\n<p>Am Ferstlberg 11<br \/>\n4565 Inzersdorf im Kremstal, \u00d6sterreich<\/p>\n<p>Tel.: +43-(0)681-818 77 938 (\u00d6sterreich)<br \/>\nTel.: +49-(0)1577-1970122 (Deutschland)<\/p>\n<p>kontakt@paradiesgestaltung.org<\/p>\n<p>www.paradiesgestaltung.org<\/p>\n<p>Vereinssitz: Inzersdorf im Kremstal<\/p>\n<p>Vereinsregister: BH Kirchdorf an der Krems, ZVR-Zahl: 432082340.<\/p>\n<h2>\u00ae - Markenschutz<\/h2>\n<p>Paradiesgestaltung\u00ae und Garten der Genesung\u00ae sind Europa-weite Schutzmarken von Bernhard Harrer.<\/p>\n<h2>\u00a9 - Copyright<\/h2>\n<p>Das Urheberrecht und alleinige Nutzungsrecht aller Texte dieser Site liegt beim Verein Initiative Paradiesgestaltung, sofern nicht anders gekennzeichnet.<\/p>\n<h2>Datenschutzerkl\u00e4rung<\/h2>\n<p><a href=\"https:\/\/paradiesgestaltung.org\/institut\/impressum\/datenschutzerklaerung\/\">Hier geht's zur Datenschutzerkl\u00e4rung<\/a><\/p>\n<\/div><\/div>","protected":false},"excerpt":{"rendered":"<p>Medieninhaber Initiative Paradiesgestaltung - Verein zur Vervollkommnung des Lebensraumes kurz: Initiative Paradiesgestaltung Abteilungen: Institut f\u00fcr Paradiesgestaltung, Akademie f\u00fcr Paradiesgestaltung Obmann: Bernhard Harrer Am Ferstlberg 11 4565 Inzersdorf im Kremstal, \u00d6sterreich Tel.: +43-(0)681-818 77 938 (\u00d6sterreich) Tel.: +49-(0)1577-1970122 (Deutschland) kontakt@paradiesgestaltung.org www.paradiesgestaltung.org Vereinssitz: Inzersdorf im Kremstal Vereinsregister: BH Kirchdorf an der Krems, ZVR-Zahl: 432082340. \u00ae - Markenschutz Paradiesgestaltung\u00ae und Garten der Genesung\u00ae sind Europa-weite Schutzmarken von Bernhard Harrer. \u00a9 - Copyright Das Urheberrecht und alleinige Nutzungsrecht aller Texte dieser Site liegt beim Verein Initiative Paradiesgestaltung, sofern nicht anders gekennzeichnet. Datenschutzerkl\u00e4rung Hier geht's zur Datenschutzerkl\u00e4rung<\/p>\n","protected":false},"author":1,"featured_media":0,"parent":0,"menu_order":9,"comment_status":"closed","ping_status":"closed","template":"","meta":{"footnotes":""},"class_list":["post-29","page","type-page","status-publish","hentry"],"_links":{"self":[{"href":"https:\/\/paradiesgestaltung.org\/institut\/wp-json\/wp\/v2\/pages\/29","targetHints":{"allow":["GET"]}}],"collection":[{"href":"https:\/\/paradiesgestaltung.org\/institut\/wp-json\/wp\/v2\/pages"}],"about":[{"href":"https:\/\/paradiesgestaltung.org\/institut\/wp-json\/wp\/v2\/types\/page"}],"author":[{"embeddable":true,"href":"https:\/\/paradiesgestaltung.org\/institut\/wp-json\/wp\/v2\/users\/1"}],"replies":[{"embeddable":true,"href":"https:\/\/paradiesgestaltung.org\/institut\/wp-json\/wp\/v2\/comments?post=29"}],"version-history":[{"count":50,"href":"https:\/\/paradiesgestaltung.org\/institut\/wp-json\/wp\/v2\/pages\/29\/revisions"}],"predecessor-version":[{"id":1287,"href":"https:\/\/paradiesgestaltung.org\/institut\/wp-json\/wp\/v2\/pages\/29\/revisions\/1287"}],"wp:attachment":[{"href":"https:\/\/paradiesgestaltung.org\/institut\/wp-json\/wp\/v2\/media?parent=29"}],"curies":[{"name":"wp","href":"https:\/\/api.w.org\/{rel}","templated":true}]}}