{"id":36,"date":"2012-03-14T10:00:54","date_gmt":"2012-03-14T09:00:54","guid":{"rendered":"http:\/\/paradiesgestaltung.org\/institut\/?page_id=36"},"modified":"2021-08-30T23:28:43","modified_gmt":"2021-08-30T21:28:43","slug":"ausbildung","status":"publish","type":"page","link":"https:\/\/paradiesgestaltung.org\/institut\/angebote\/ausbildung\/","title":{"rendered":"Ausbildung"},"content":{"rendered":"<div id=\"dslc-theme-content\"><div id=\"dslc-theme-content-inner\"><p><strong>Wir bieten:<\/strong><\/p>\n<ul>\n<li>den Kurs Einf\u00fchrung in die Paradiesgestaltung<\/li>\n<li>spezielle Kurse in Paradiesgestaltung zugeschnitten auf\u00a0Fragestellungen und Herausforderungen von Initiativen, Gemeinden und Unternehmen<\/li>\n<li>einen <a href=\"https:\/\/paradiesgestaltung.org\/institut\/wp-content\/uploads\/Folder_IfPG_Diplom_Jahrestraining-Paradiesgestaltung.pdf\">einj\u00e4hrigen Lehrgang zum Paradiesgestalter<\/a><\/li>\n<li>eine mehrj\u00e4hrige Trainer-Ausbildung zum Lehrer f\u00fcr Paradiesgestaltung, in Zukunft auch als BSc bzw. MSc Studium mit universit\u00e4rem Abschlu\u00df<\/li>\n<li>eine Ausbildung zum\/zur Gesundheitstrainer\/in mit dem Titel <a href=\"https:\/\/paradiesgestaltung.org\/institut\/wp-content\/uploads\/Selbstheilungsbegleitung_Curriculum.pdf\" target=\"_blank\" rel=\"noopener\">Ganzheitliche Selbstheilungsbegleitung<\/a><\/li>\n<li>und nat\u00fcrlich auch Vortr\u00e4ge und Seminare und Zukunftswerkst\u00e4tten zu Paradiesgestaltung in Bezug auf aktuelle Themen der Zeit<\/li>\n<\/ul>\n<p><strong>N\u00e4heres findest Du auf <a href=\"https:\/\/paradiesgestaltung.org\/akademie\/\" target=\"_blank\" rel=\"noopener\">unserer online-Lernplattform<\/a>.<\/strong><\/p>\n<\/div><\/div>","protected":false},"excerpt":{"rendered":"<p>Wir bieten: den Kurs Einf\u00fchrung in die Paradiesgestaltung spezielle Kurse in Paradiesgestaltung zugeschnitten auf\u00a0Fragestellungen und Herausforderungen von Initiativen, Gemeinden und Unternehmen einen einj\u00e4hrigen Lehrgang zum Paradiesgestalter eine mehrj\u00e4hrige Trainer-Ausbildung zum Lehrer f\u00fcr Paradiesgestaltung, in Zukunft auch als BSc bzw. MSc Studium mit universit\u00e4rem Abschlu\u00df eine Ausbildung zum\/zur Gesundheitstrainer\/in mit dem Titel Ganzheitliche Selbstheilungsbegleitung und nat\u00fcrlich auch Vortr\u00e4ge und Seminare und Zukunftswerkst\u00e4tten zu Paradiesgestaltung in Bezug auf aktuelle Themen der Zeit N\u00e4heres findest Du auf unserer online-Lernplattform.<\/p>\n","protected":false},"author":1,"featured_media":0,"parent":690,"menu_order":1,"comment_status":"closed","ping_status":"closed","template":"","meta":{"footnotes":""},"class_list":["post-36","page","type-page","status-publish","hentry"],"_links":{"self":[{"href":"https:\/\/paradiesgestaltung.org\/institut\/wp-json\/wp\/v2\/pages\/36","targetHints":{"allow":["GET"]}}],"collection":[{"href":"https:\/\/paradiesgestaltung.org\/institut\/wp-json\/wp\/v2\/pages"}],"about":[{"href":"https:\/\/paradiesgestaltung.org\/institut\/wp-json\/wp\/v2\/types\/page"}],"author":[{"embeddable":true,"href":"https:\/\/paradiesgestaltung.org\/institut\/wp-json\/wp\/v2\/users\/1"}],"replies":[{"embeddable":true,"href":"https:\/\/paradiesgestaltung.org\/institut\/wp-json\/wp\/v2\/comments?post=36"}],"version-history":[{"count":15,"href":"https:\/\/paradiesgestaltung.org\/institut\/wp-json\/wp\/v2\/pages\/36\/revisions"}],"predecessor-version":[{"id":1233,"href":"https:\/\/paradiesgestaltung.org\/institut\/wp-json\/wp\/v2\/pages\/36\/revisions\/1233"}],"up":[{"embeddable":true,"href":"https:\/\/paradiesgestaltung.org\/institut\/wp-json\/wp\/v2\/pages\/690"}],"wp:attachment":[{"href":"https:\/\/paradiesgestaltung.org\/institut\/wp-json\/wp\/v2\/media?parent=36"}],"curies":[{"name":"wp","href":"https:\/\/api.w.org\/{rel}","templated":true}]}}