{"id":384,"date":"2015-03-19T19:28:55","date_gmt":"2015-03-19T18:28:55","guid":{"rendered":"http:\/\/paradiesgestaltung.org\/institut\/?page_id=384"},"modified":"2022-06-15T14:44:58","modified_gmt":"2022-06-15T12:44:58","slug":"sabine-roesler-herzensaufgabe","status":"publish","type":"page","link":"https:\/\/paradiesgestaltung.org\/institut\/team\/sabine-roesler-herzensaufgabe\/","title":{"rendered":"Sabine R\u00f6sler - Meine Herzensaufgabe"},"content":{"rendered":"<div id=\"dslc-theme-content\"><div id=\"dslc-theme-content-inner\"><p><img loading=\"lazy\" decoding=\"async\" class=\"alignleft wp-image-545 size-medium\" src=\"https:\/\/paradiesgestaltung.org\/institut\/wp-content\/uploads\/Sabine-Roesler_184x184.jpg\" alt=\"\" width=\"184\" height=\"300\" \/>Ich sehe eine Welt, in der jeder Mensch seine Gr\u00f6\u00dfe erkennt und lebt, sein volles Potential, das er in sich tr\u00e4gt, zum Ausdruck bringt. Wir alle tragen unseren ganz eigenen urspr\u00fcnglichen Keim in uns, den wir zum Wachsen und zum Bl\u00fchen und schlie\u00dflich zur Frucht bringen.<\/p>\n<p>Dieses Bild ist in mir entstanden, als ich begann, Kinder zu begleiten \u2013 sowohl als Mutter als auch als Lehrerin. \u00dcber 20 Jahre lang war es meine Aufgabe als Waldorf- und Montessorilehrerin, Kinder und Jugendliche ihre F\u00e4higkeiten und Talente entdecken zu lassen, damit sie als gl\u00fcckliche, erf\u00fcllte Erwachsene in ihrer Gr\u00f6\u00dfe stehen und ihren vollwertigen Einsatz der Welt schenken k\u00f6nnen \u2013 fernab vom g\u00e4ngigen Leistungs- und Anpassungsmodell. Besonders intensiv besch\u00e4ftigte mich die Frage, wieso wir Menschen im Lauf des Erwachsenwerdens unsere Lebendigkeit und Freude so oft verlieren. Ich erlebte, wie Kinder noch so nah dem wahrhaftigen Leben sind und machte mich auf die Suche nach dieser Urspr\u00fcnglichkeit des Lebens, die doch so oft zugedeckt ist von einer unechten, gek\u00fcnstelten Kultur.<\/p>\n<p><a href=\"https:\/\/paradiesgestaltung.org\/institut\/paradiesgestaltung\/\" target=\"_blank\" rel=\"noopener\">Paradiesgestaltung<\/a> hei\u00dft f\u00fcr mich, dass ich das <a href=\"https:\/\/paradiesgestaltung.org\/institut\/paradiesgestaltung\/paradies\/\" target=\"_blank\" rel=\"noopener\">Paradies<\/a> in mir lebendig werden lasse und von hier aus selbst-bewusst und liebevoll mein in mir entdecktes und zum Feuer entfachten Licht verbreite und so dazu beitrage, dass meine Welt um mich herum zum Paradies wird.<\/p>\n<p>Licht ist Bewusstsein. Ich bin mir bewusst, warum ich auf der Welt bin, was meine Herzensaufgabe ist.<\/p>\n<p>In meinem Weltbild hat jeder Mensch seinen Platz auf dieser wundersch\u00f6nen Mutter Erde, jeder hat seine ganz individuelle Aufgabe und die daf\u00fcr gebrauchten F\u00e4higkeiten und Talente, mit denen er wirken kann. Diesen urspr\u00fcnglichen Keim zu entdecken, frei zu legen und zum Wachsen zu bringen, sehe ich als meine Herzensaufgabe.<\/p>\n<p>Als Coach und Trainerin f\u00fcr emotionale und spirituelle Intelligenz sehe ich mich als Geburtshelferin der Herzensaufgabe eines Menschen. Und ich begleite diese Menschen anschlie\u00dfend dabei, ihre Lebensaufgabe auch tats\u00e4chlich zu leben - ihre Welt in ein Paradies zu verwandeln, da wo sie jetzt stehen.<\/p>\n<p>Zur Paradiesgestaltung geh\u00f6rt auch die Manifestation (\u201ehandgreiflich machen\u201c, das Deutlichwerden, Sichtbarwerden) auf der Erde. Oftmals brauchen wir dazu Geld (in welcher Form auch immer), um dies realisieren zu k\u00f6nnen. Im Geld&amp;WertCoaching ist der erste Schritt das Erkennen meines Selbst-Wertes und das Einbringen dieses Wertes in die Gemeinschaft, aus der dann wiederum der Wert zu mir zur\u00fcck flie\u00dft.<\/p>\n<p>Im Fluss des Lebens zu stehen hei\u00dft f\u00fcr mich, in Freude, Leichtigkeit und in der F\u00fclle zu sein. Leben bedeutet Wachstum und Ausdehnung hin zu Sch\u00f6nheit und Vollendung. Die Natur zeigt uns ganz offensichtlich, was f\u00fcr viele Menschen noch ein Geheimnis ist.<\/p>\n<p>Da auch wir ein Teil der Sch\u00f6pfung sind, haben auch wir diese urspr\u00fcngliche Weisheit und Kraft in uns \u2013 diese sind h\u00f6chstens zugedeckt worden von so manchen schmerzvollen Erfahrungen und Pr\u00e4gungen und wollen wieder befreit werden.<\/p>\n<p>Paradiesgestaltung ist f\u00fcr mich eine Entdeckungsreise zu meiner Urspr\u00fcnglichkeit und der Urspr\u00fcnglichkeit der Welt. Je mehr ich entdecke, wer ich wirklich bin, je mehr ich lebe, was ich wirklich in mir trage, umso mehr verwandelt sich meine Welt in ein Paradies und umso mehr trage ich dazu bei, dass sich die ganze Welt in ein Paradies verwandelt.<\/p>\n<p>Je mehr ich mich und mein Leben liebe, umso mehr Liebe werde ich der Welt schenken.<\/p>\n<p>Und Liebe ist der Urstoff allen Lebens!<\/p>\n<blockquote><p>\u201eDen Sinn der Welt verwirklicht die von Liebe erw\u00e4rmte und von Weisheit erleuchtete Tat des Menschen.\u201c (R. Steiner)<\/p><\/blockquote>\n<\/div><\/div>","protected":false},"excerpt":{"rendered":"<p>Ich sehe eine Welt, in der jeder Mensch seine Gr\u00f6\u00dfe erkennt und lebt, sein volles Potential, das er in sich tr\u00e4gt, zum Ausdruck bringt. Wir alle tragen unseren ganz eigenen urspr\u00fcnglichen Keim in uns, den wir zum Wachsen und zum Bl\u00fchen und schlie\u00dflich zur Frucht bringen. Dieses Bild ist in mir entstanden, als ich begann, Kinder zu begleiten \u2013 sowohl als Mutter als auch als Lehrerin. \u00dcber 20 Jahre lang war es meine Aufgabe als Waldorf- und Montessorilehrerin, Kinder und Jugendliche ihre F\u00e4higkeiten und Talente entdecken zu lassen, damit sie als gl\u00fcckliche, erf\u00fcllte Erwachsene in ihrer Gr\u00f6\u00dfe stehen und ihren vollwertigen Einsatz der Welt schenken k\u00f6nnen \u2013 fernab vom g\u00e4ngigen Leistungs- und Anpassungsmodell. Besonders intensiv besch\u00e4ftigte mich die Frage, wieso wir Menschen im Lauf des Erwachsenwerdens unsere Lebendigkeit und Freude so oft verlieren. Ich erlebte, wie Kinder noch so nah dem wahrhaftigen Leben sind und machte mich auf die Suche nach dieser Urspr\u00fcnglichkeit des Lebens, die doch so oft zugedeckt ist von einer unechten, gek\u00fcnstelten Kultur. Paradiesgestaltung hei\u00dft f\u00fcr mich, dass ich das Paradies in mir lebendig werden lasse und von hier aus selbst-bewusst und liebevoll mein in mir entdecktes und zum Feuer entfachten Licht verbreite und so dazu beitrage, dass meine Welt um mich herum zum Paradies wird. Licht ist Bewusstsein. Ich bin mir bewusst, warum ich auf der Welt bin, was meine Herzensaufgabe ist. In meinem Weltbild hat jeder Mensch seinen Platz auf dieser wundersch\u00f6nen Mutter Erde, jeder hat seine ganz individuelle Aufgabe und die daf\u00fcr gebrauchten F\u00e4higkeiten <a class=\"read-more\" href=\"https:\/\/paradiesgestaltung.org\/institut\/team\/sabine-roesler-herzensaufgabe\/\">Continue Reading &#8594;<\/a><\/p>\n","protected":false},"author":2,"featured_media":0,"parent":421,"menu_order":1,"comment_status":"closed","ping_status":"closed","template":"","meta":{"footnotes":""},"class_list":["post-384","page","type-page","status-publish","hentry"],"_links":{"self":[{"href":"https:\/\/paradiesgestaltung.org\/institut\/wp-json\/wp\/v2\/pages\/384","targetHints":{"allow":["GET"]}}],"collection":[{"href":"https:\/\/paradiesgestaltung.org\/institut\/wp-json\/wp\/v2\/pages"}],"about":[{"href":"https:\/\/paradiesgestaltung.org\/institut\/wp-json\/wp\/v2\/types\/page"}],"author":[{"embeddable":true,"href":"https:\/\/paradiesgestaltung.org\/institut\/wp-json\/wp\/v2\/users\/2"}],"replies":[{"embeddable":true,"href":"https:\/\/paradiesgestaltung.org\/institut\/wp-json\/wp\/v2\/comments?post=384"}],"version-history":[{"count":18,"href":"https:\/\/paradiesgestaltung.org\/institut\/wp-json\/wp\/v2\/pages\/384\/revisions"}],"predecessor-version":[{"id":1250,"href":"https:\/\/paradiesgestaltung.org\/institut\/wp-json\/wp\/v2\/pages\/384\/revisions\/1250"}],"up":[{"embeddable":true,"href":"https:\/\/paradiesgestaltung.org\/institut\/wp-json\/wp\/v2\/pages\/421"}],"wp:attachment":[{"href":"https:\/\/paradiesgestaltung.org\/institut\/wp-json\/wp\/v2\/media?parent=384"}],"curies":[{"name":"wp","href":"https:\/\/api.w.org\/{rel}","templated":true}]}}