{"id":72,"date":"2012-03-14T15:38:24","date_gmt":"2012-03-14T14:38:24","guid":{"rendered":"http:\/\/paradiesgestaltung.org\/institut\/?page_id=72"},"modified":"2014-11-23T11:22:01","modified_gmt":"2014-11-23T10:22:01","slug":"paradiesgestaltung","status":"publish","type":"page","link":"https:\/\/paradiesgestaltung.org\/institut\/paradiesgestaltung\/","title":{"rendered":"Paradiesgestaltung"},"content":{"rendered":"<div id=\"dslc-theme-content\"><div id=\"dslc-theme-content-inner\"><p>Es gibt zwei Betrachtungsweisen der Paradiesgestaltung:<\/p>\n<p>A) <strong>Die Welt ist ein <a title=\"Paradies\" href=\"https:\/\/paradiesgestaltung.org\/institut\/paradiesgestaltung\/paradies\/\">Paradies<\/a>!<\/strong><br \/>\nDas ist wunderbar. Und ich gestalte sie gelegentlich um. Das macht Freude. (Schlie\u00dflich soll niemandem langweilig werden.)<\/p>\n<p>B) <strong>Die Welt ist kein <a title=\"Paradies\" href=\"https:\/\/paradiesgestaltung.org\/institut\/paradiesgestaltung\/paradies\/\">Paradies<\/a>!<\/strong><br \/>\nZumindest nicht derzeit. Oder nicht hier, wo ich grade bin. Nat\u00fcrlich k\u00f6nnte man da was tun, was verbessern, \u00e4ndern, umgestalten.<\/p>\n<p>Interessiert?<\/p>\n<p><strong>Ja? Na dann los!<\/strong><\/p>\n<p>Am besten klein anfangen: Mit Dir selbst, dann mit Deinem Wohnraum, vielleicht ein Garten? Es geht jedoch nicht (nur) um Gartengestaltung, sondern um die Verwandlung, Verfeinerung, Vervollkommnung aller Bereiche Deines Seins... Weiter geht's mit der Stra\u00dfe, dem Ortsteil, der Gemeinde. - Da wird es schon herausfordernder, denn die Gestaltungen wollen mit den Nachbarn abgestimmt werden!<\/p>\n<p>Aber weil Paradiesgestaltung ansteckend ist, dauert es nicht lang, und wir werden gemeinsam das ganze Land verwandelt haben.<\/p>\n<p>So, das w\u00e4re geschafft. Hat Spa\u00df gemacht!<\/p>\n<p>Was? Da gibt es noch Gegenden, wo es den Menschen nicht gut geht? Also helfen wir denen, auch ihr Land\u00a0 in ein Paradies nach ihren Vorstellungen zu verwandeln. Was f\u00fcr eine sch\u00f6ne Gelegenheit, neue Freundschaften zu schlie\u00dfen.<\/p>\n<p>So einfach ist das!<\/p>\n<p>Nein? Zuwenig Ahnung? Ist die Herausforderung zu gro\u00df?<\/p>\n<p><strong>Kein Problem! Das Institut f\u00fcr Paradiesgestaltung hat schon alles Wissenswerte zum Thema zusammengetragen. Es inspiriert, <a href=\"https:\/\/paradiesgestaltung.org\/lehrgang\/\" target=\"_blank\">trainiert und coacht Dich<\/a> und zeigt Dir alles was Du brauchst, um Deine Welt in (D)ein Paradies zu verwandeln.<\/strong><\/p>\n<\/div><\/div>","protected":false},"excerpt":{"rendered":"<p>Es gibt zwei Betrachtungsweisen der Paradiesgestaltung: A) Die Welt ist ein Paradies! Das ist wunderbar. Und ich gestalte sie gelegentlich um. Das macht Freude. (Schlie\u00dflich soll niemandem langweilig werden.) B) Die Welt ist kein Paradies! Zumindest nicht derzeit. Oder nicht hier, wo ich grade bin. Nat\u00fcrlich k\u00f6nnte man da was tun, was verbessern, \u00e4ndern, umgestalten. Interessiert? Ja? Na dann los! Am besten klein anfangen: Mit Dir selbst, dann mit Deinem Wohnraum, vielleicht ein Garten? Es geht jedoch nicht (nur) um Gartengestaltung, sondern um die Verwandlung, Verfeinerung, Vervollkommnung aller Bereiche Deines Seins... Weiter geht's mit der Stra\u00dfe, dem Ortsteil, der Gemeinde. - Da wird es schon herausfordernder, denn die Gestaltungen wollen mit den Nachbarn abgestimmt werden! Aber weil Paradiesgestaltung ansteckend ist, dauert es nicht lang, und wir werden gemeinsam das ganze Land verwandelt haben. So, das w\u00e4re geschafft. Hat Spa\u00df gemacht! Was? Da gibt es noch Gegenden, wo es den Menschen nicht gut geht? Also helfen wir denen, auch ihr Land\u00a0 in ein Paradies nach ihren Vorstellungen zu verwandeln. Was f\u00fcr eine sch\u00f6ne Gelegenheit, neue Freundschaften zu schlie\u00dfen. So einfach ist das! Nein? Zuwenig Ahnung? Ist die Herausforderung zu gro\u00df? Kein Problem! Das Institut f\u00fcr Paradiesgestaltung hat schon alles Wissenswerte zum Thema zusammengetragen. Es inspiriert, trainiert und coacht Dich und zeigt Dir alles was Du brauchst, um Deine Welt in (D)ein Paradies zu verwandeln.<\/p>\n","protected":false},"author":1,"featured_media":0,"parent":0,"menu_order":2,"comment_status":"closed","ping_status":"closed","template":"","meta":{"footnotes":""},"class_list":["post-72","page","type-page","status-publish","hentry"],"_links":{"self":[{"href":"https:\/\/paradiesgestaltung.org\/institut\/wp-json\/wp\/v2\/pages\/72","targetHints":{"allow":["GET"]}}],"collection":[{"href":"https:\/\/paradiesgestaltung.org\/institut\/wp-json\/wp\/v2\/pages"}],"about":[{"href":"https:\/\/paradiesgestaltung.org\/institut\/wp-json\/wp\/v2\/types\/page"}],"author":[{"embeddable":true,"href":"https:\/\/paradiesgestaltung.org\/institut\/wp-json\/wp\/v2\/users\/1"}],"replies":[{"embeddable":true,"href":"https:\/\/paradiesgestaltung.org\/institut\/wp-json\/wp\/v2\/comments?post=72"}],"version-history":[{"count":14,"href":"https:\/\/paradiesgestaltung.org\/institut\/wp-json\/wp\/v2\/pages\/72\/revisions"}],"predecessor-version":[{"id":337,"href":"https:\/\/paradiesgestaltung.org\/institut\/wp-json\/wp\/v2\/pages\/72\/revisions\/337"}],"wp:attachment":[{"href":"https:\/\/paradiesgestaltung.org\/institut\/wp-json\/wp\/v2\/media?parent=72"}],"curies":[{"name":"wp","href":"https:\/\/api.w.org\/{rel}","templated":true}]}}